{"id":80493,"date":"2017-08-30T11:33:14","date_gmt":"2017-08-30T09:33:14","guid":{"rendered":"https:\/\/dev.returntrue.com\/?page_id=80493"},"modified":"2019-08-12T14:59:48","modified_gmt":"2019-08-12T14:59:48","slug":"classic-firm","status":"publish","type":"page","link":"https:\/\/www.returntrue.com\/de\/","title":{"rendered":"Willkommen"},"content":{"rendered":"<p>[vc_row row_height_percent=&#8220;100&#8243; back_color=&#8220;color-xsdn&#8220; back_image=&#8220;79259&#8243; parallax=&#8220;yes&#8220; overlay_alpha=&#8220;90&#8243; gutter_size=&#8220;100&#8243; column_width_percent=&#8220;100&#8243; shift_y=&#8220;0&#8243; z_index=&#8220;0&#8243; style=&#8220;inherited&#8220; row_name=&#8220;Digital Intelligence&#8220;][vc_column column_width_percent=&#8220;100&#8243; position_vertical=&#8220;middle&#8220; align_horizontal=&#8220;align_center&#8220; overlay_alpha=&#8220;100&#8243; gutter_size=&#8220;4&#8243; medium_width=&#8220;0&#8243; mobile_width=&#8220;0&#8243; shift_x=&#8220;0&#8243; shift_y=&#8220;0&#8243; shift_y_down=&#8220;0&#8243; z_index=&#8220;0&#8243; zoom_width=&#8220;0&#8243; zoom_height=&#8220;0&#8243; width=&#8220;1\/1&#8243; el_class=&#8220;data-intelligence&#8220;][vc_row_inner row_inner_height_percent=&#8220;0&#8243; overlay_alpha=&#8220;50&#8243; gutter_size=&#8220;0&#8243; shift_y=&#8220;0&#8243; z_index=&#8220;0&#8243;][vc_column_inner column_width_use_pixel=&#8220;yes&#8220; align_horizontal=&#8220;align_center&#8220; gutter_size=&#8220;0&#8243; overlay_alpha=&#8220;50&#8243; medium_width=&#8220;0&#8243; mobile_width=&#8220;0&#8243; shift_x=&#8220;0&#8243; shift_y=&#8220;0&#8243; shift_y_down=&#8220;0&#8243; z_index=&#8220;0&#8243; width=&#8220;1\/1&#8243; column_width_pixel=&#8220;740&#8243;][vc_custom_heading css_animation=&#8220;top-t-bottom&#8220;]<span style=\"font-weight: 400;\">Digital Intelligence<\/span>[\/vc_custom_heading][\/vc_column_inner][\/vc_row_inner][vc_row_inner row_inner_height_percent=&#8220;60&#8243; overlay_alpha=&#8220;100&#8243; equal_height=&#8220;yes&#8220; gutter_size=&#8220;3&#8243; shift_y=&#8220;0&#8243; z_index=&#8220;0&#8243;][vc_column_inner column_width_use_pixel=&#8220;yes&#8220; position_horizontal=&#8220;left&#8220; gutter_size=&#8220;3&#8243; overlay_alpha=&#8220;50&#8243; medium_width=&#8220;0&#8243; mobile_width=&#8220;0&#8243; shift_x=&#8220;0&#8243; shift_y=&#8220;0&#8243; shift_y_down=&#8220;0&#8243; z_index=&#8220;0&#8243; width=&#8220;1\/2&#8243; column_width_pixel=&#8220;740&#8243;][vc_icon position=&#8220;left&#8220; title_aligned_icon=&#8220;yes&#8220; icon=&#8220;fa fa-bar-chart&#8220; icon_color=&#8220;color-905526&#8243; size=&#8220;fa-3x&#8220; css_animation=&#8220;top-t-bottom&#8220; align=&#8220;left&#8220; title=&#8220;App- &amp; Webanalyse&#8220;]<span style=\"font-weight: 400;\">Messen Sie, wie Ihre Kunden auf Sie aufmerksam werden, wie sie mit Ihren Online- und Offline-Kan\u00e4len agieren, und verbessern Sie deren Customer Journey.<\/span>[\/vc_icon][vc_icon position=&#8220;left&#8220; title_aligned_icon=&#8220;yes&#8220; icon=&#8220;fa fa-code&#8220; icon_color=&#8220;color-905526&#8243; size=&#8220;fa-3x&#8220; css_animation=&#8220;bottom-t-top&#8220; align=&#8220;left&#8220; title=&#8220;Tag Management&#8220;]<span style=\"font-weight: 400;\">Realisieren Sie Analytics-Projekte und andere Online-Marketing-L\u00f6sungen auch ohne Programmierkenntnisse unabh\u00e4ngig der Releasezyklen.<\/span>[\/vc_icon][vc_icon position=&#8220;left&#8220; title_aligned_icon=&#8220;yes&#8220; icon=&#8220;fa fa-group&#8220; icon_color=&#8220;color-905526&#8243; size=&#8220;fa-3x&#8220; css_animation=&#8220;bottom-t-top&#8220; align=&#8220;left&#8220; title=&#8220;Audience Management&#8220;]<span style=\"font-weight: 400;\">Erstellen Sie Kundensegmente und f\u00fcgen Sie zus\u00e4tzliche Infos wie CRM-Datens\u00e4tze in Auswertungen und Targetings hinzu.<\/span>[\/vc_icon][\/vc_column_inner][vc_column_inner column_width_use_pixel=&#8220;yes&#8220; position_horizontal=&#8220;left&#8220; gutter_size=&#8220;3&#8243; overlay_alpha=&#8220;50&#8243; medium_width=&#8220;0&#8243; mobile_width=&#8220;0&#8243; shift_x=&#8220;0&#8243; shift_y=&#8220;0&#8243; shift_y_down=&#8220;0&#8243; z_index=&#8220;0&#8243; css_animation=&#8220;alpha-anim&#8220; animation_delay=&#8220;200&#8243; zoom_width=&#8220;0&#8243; zoom_height=&#8220;0&#8243; width=&#8220;1\/2&#8243; column_width_pixel=&#8220;740&#8243;][vc_icon position=&#8220;left&#8220; title_aligned_icon=&#8220;yes&#8220; icon=&#8220;fa fa-user&#8220; icon_color=&#8220;color-905526&#8243; size=&#8220;fa-3x&#8220; css_animation=&#8220;top-t-bottom&#8220; align=&#8220;left&#8220; title=&#8220;A\/B-Testing &amp; Personalisierung&#8220;]<span style=\"font-weight: 400;\">Lassen Sie Ihre Kunden bestimmen, wie Ihre Webseite und App aussehen soll und liefern Sie die besten Inhalte zur richtigen Zeit.<\/span>[\/vc_icon][vc_icon position=&#8220;left&#8220; title_aligned_icon=&#8220;yes&#8220; icon=&#8220;fa fa-dashboard&#8220; icon_color=&#8220;color-905526&#8243; size=&#8220;fa-3x&#8220; css_animation=&#8220;bottom-t-top&#8220; align=&#8220;left&#8220; title=&#8220;Enterprise Reporting&#8220;]<span style=\"font-weight: 400;\">Stellen Sie die Daten in Ihrem Unternehmen bereit &#8211; von Dashboards, die in Bruchteilen von Sekunden verstanden werden m\u00fcssen, bis hin zu komplexen API-Abfragen.<\/span>[\/vc_icon][vc_icon position=&#8220;left&#8220; title_aligned_icon=&#8220;yes&#8220; icon=&#8220;fa fa-check-square-o&#8220; icon_color=&#8220;color-905526&#8243; size=&#8220;fa-3x&#8220; css_animation=&#8220;bottom-t-top&#8220; align=&#8220;left&#8220; title=&#8220;Qualit\u00e4tssicherung&#8220;]<span style=\"font-weight: 400;\">Auch bei Webseiten, die sich kontinuierlich ver\u00e4ndern, ist eine konsistente Implementierung die Grundlage Ihrer Analysen. Sichern Sie Ihre Datenbasis mit automatisierten Audits.<\/span>[\/vc_icon][\/vc_column_inner][\/vc_row_inner][vc_row_inner row_inner_height_percent=&#8220;0&#8243; overlay_alpha=&#8220;50&#8243; gutter_size=&#8220;0&#8243; shift_y=&#8220;0&#8243; z_index=&#8220;0&#8243;][vc_column_inner column_width_use_pixel=&#8220;yes&#8220; align_horizontal=&#8220;align_center&#8220; gutter_size=&#8220;0&#8243; overlay_alpha=&#8220;50&#8243; medium_width=&#8220;0&#8243; mobile_width=&#8220;0&#8243; shift_x=&#8220;0&#8243; shift_y=&#8220;0&#8243; shift_y_down=&#8220;0&#8243; z_index=&#8220;0&#8243; width=&#8220;1\/1&#8243; column_width_pixel=&#8220;740&#8243;][vc_button button_color=&#8220;color-195519&#8243; size=&#8220;btn-xl&#8220; custom_typo=&#8220;yes&#8220; font_family=&#8220;font-762333&#8243; font_weight=&#8220;700&#8243; border_width=&#8220;0&#8243; display=&#8220;inline&#8220; css_animation=&#8220;bottom-t-top&#8220; animation_delay=&#8220;400&#8243; link=&#8220;url:https%3A%2F%2Fwww.returntrue.com%2Fde%2Fservices%2F|||&#8220; el_class=&#8220;toServicePage&#8220;]Mehr dazu[\/vc_button][\/vc_column_inner][\/vc_row_inner][\/vc_column][\/vc_row][vc_row row_height_percent=&#8220;100&#8243; back_color=&#8220;color-xsdn&#8220; overlay_alpha=&#8220;50&#8243; equal_height=&#8220;yes&#8220; gutter_size=&#8220;0&#8243; column_width_percent=&#8220;100&#8243; shift_y=&#8220;0&#8243; z_index=&#8220;0&#8243; row_name=&#8220;Vielseitig &amp; spezialisiert&#8220;][vc_column column_width_percent=&#8220;100&#8243; position_vertical=&#8220;middle&#8220; align_horizontal=&#8220;align_center&#8220; style=&#8220;light&#8220; overlay_alpha=&#8220;50&#8243; gutter_size=&#8220;4&#8243; medium_width=&#8220;0&#8243; mobile_width=&#8220;0&#8243; shift_x=&#8220;0&#8243; shift_y=&#8220;0&#8243; shift_y_down=&#8220;0&#8243; z_index=&#8220;0&#8243; css_animation=&#8220;alpha-anim&#8220; width=&#8220;1\/1&#8243;][vc_row_inner row_inner_height_percent=&#8220;0&#8243; overlay_alpha=&#8220;50&#8243; gutter_size=&#8220;3&#8243; shift_y=&#8220;0&#8243; z_index=&#8220;0&#8243;][vc_column_inner column_width_use_pixel=&#8220;yes&#8220; position_vertical=&#8220;middle&#8220; align_horizontal=&#8220;align_center&#8220; style=&#8220;dark&#8220; gutter_size=&#8220;3&#8243; overlay_alpha=&#8220;50&#8243; medium_width=&#8220;0&#8243; mobile_width=&#8220;0&#8243; shift_x=&#8220;0&#8243; shift_y=&#8220;0&#8243; shift_y_down=&#8220;0&#8243; z_index=&#8220;0&#8243; width=&#8220;1\/1&#8243; column_width_pixel=&#8220;950&#8243;][vc_custom_heading text_color=&#8220;color-195519&#8243;]<span style=\"font-weight: 400;\">Vielseitig &amp; spezialisiert<\/span>[\/vc_custom_heading][\/vc_column_inner][\/vc_row_inner][vc_row_inner row_inner_height_percent=&#8220;0&#8243; overlay_alpha=&#8220;50&#8243; gutter_size=&#8220;3&#8243; shift_y=&#8220;0&#8243; z_index=&#8220;0&#8243;][vc_column_inner column_width_use_pixel=&#8220;yes&#8220; position_vertical=&#8220;middle&#8220; align_horizontal=&#8220;align_center&#8220; style=&#8220;dark&#8220; gutter_size=&#8220;3&#8243; overlay_alpha=&#8220;50&#8243; medium_width=&#8220;0&#8243; mobile_width=&#8220;0&#8243; shift_x=&#8220;0&#8243; shift_y=&#8220;0&#8243; shift_y_down=&#8220;0&#8243; z_index=&#8220;0&#8243; width=&#8220;1\/1&#8243; column_width_pixel=&#8220;740&#8243;][vc_single_image media=&#8220;80860&#8243; media_width_percent=&#8220;100&#8243; alignment=&#8220;center&#8220; css_animation=&#8220;top-t-bottom&#8220;][\/vc_column_inner][\/vc_row_inner][vc_row_inner row_inner_height_percent=&#8220;0&#8243; overlay_alpha=&#8220;50&#8243; gutter_size=&#8220;3&#8243; shift_y=&#8220;0&#8243; z_index=&#8220;0&#8243;][vc_column_inner column_width_use_pixel=&#8220;yes&#8220; position_vertical=&#8220;middle&#8220; align_horizontal=&#8220;align_center&#8220; style=&#8220;dark&#8220; gutter_size=&#8220;3&#8243; overlay_alpha=&#8220;50&#8243; medium_width=&#8220;0&#8243; mobile_width=&#8220;0&#8243; shift_x=&#8220;0&#8243; shift_y=&#8220;0&#8243; shift_y_down=&#8220;0&#8243; z_index=&#8220;0&#8243; width=&#8220;1\/1&#8243; column_width_pixel=&#8220;740&#8243;][vc_button button_color=&#8220;color-195519&#8243; size=&#8220;btn-xl&#8220; custom_typo=&#8220;yes&#8220; font_family=&#8220;font-762333&#8243; font_weight=&#8220;700&#8243; border_width=&#8220;0&#8243; css_animation=&#8220;bottom-t-top&#8220; animation_delay=&#8220;400&#8243; link=&#8220;url:https%3A%2F%2Fwww.returntrue.com%2Fde%2Fueber-uns%2F|||&#8220; width=&#8220;200&#8243; el_class=&#8220;toAboutPage&#8220;]\u00dcber uns[\/vc_button][\/vc_column_inner][\/vc_row_inner][\/vc_column][\/vc_row][vc_row row_height_percent=&#8220;100&#8243; back_color=&#8220;color-758982&#8243; back_image=&#8220;11295&#8243; overlay_color=&#8220;color-758982&#8243; overlay_alpha=&#8220;85&#8243; gutter_size=&#8220;4&#8243; column_width_percent=&#8220;100&#8243; shift_y=&#8220;0&#8243; z_index=&#8220;0&#8243; style=&#8220;inherited&#8220; row_name=&#8220;Philosophie&#8220;][vc_column column_width_use_pixel=&#8220;yes&#8220; position_vertical=&#8220;middle&#8220; align_horizontal=&#8220;align_center&#8220; style=&#8220;dark&#8220; overlay_alpha=&#8220;100&#8243; gutter_size=&#8220;4&#8243; medium_width=&#8220;0&#8243; mobile_width=&#8220;0&#8243; shift_x=&#8220;0&#8243; shift_y=&#8220;0&#8243; shift_y_down=&#8220;0&#8243; z_index=&#8220;0&#8243; css_animation=&#8220;zoom-in&#8220; animation_delay=&#8220;200&#8243; zoom_width=&#8220;0&#8243; zoom_height=&#8220;0&#8243; width=&#8220;1\/1&#8243; column_width_pixel=&#8220;950&#8243;][vc_row_inner row_inner_height_percent=&#8220;0&#8243; overlay_alpha=&#8220;50&#8243; gutter_size=&#8220;3&#8243; shift_y=&#8220;0&#8243; z_index=&#8220;0&#8243;][vc_column_inner column_width_use_pixel=&#8220;yes&#8220; position_vertical=&#8220;middle&#8220; align_horizontal=&#8220;align_center&#8220; style=&#8220;dark&#8220; gutter_size=&#8220;3&#8243; overlay_alpha=&#8220;50&#8243; medium_width=&#8220;0&#8243; mobile_width=&#8220;0&#8243; shift_x=&#8220;0&#8243; shift_y=&#8220;0&#8243; shift_y_down=&#8220;0&#8243; z_index=&#8220;0&#8243; width=&#8220;1\/1&#8243; column_width_pixel=&#8220;950&#8243;][vc_custom_heading heading_semantic=&#8220;h6&#8243; text_size=&#8220;h1&#8243; css_animation=&#8220;top-t-bottom&#8220;]&#8220;An invest in knowledge pays the best interest.&#8220;[\/vc_custom_heading][vc_empty_space][vc_column_text]\u2013 Benjamin Franklin[\/vc_column_text][\/vc_column_inner][\/vc_row_inner][\/vc_column][\/vc_row][vc_row row_height_percent=&#8220;100&#8243; back_color=&#8220;color-lxmt&#8220; overlay_alpha=&#8220;50&#8243; equal_height=&#8220;yes&#8220; gutter_size=&#8220;0&#8243; column_width_percent=&#8220;100&#8243; shift_y=&#8220;0&#8243; z_index=&#8220;0&#8243; row_name=&#8220;Brainstorms&#8220;][vc_column column_width_percent=&#8220;100&#8243; position_vertical=&#8220;middle&#8220; align_horizontal=&#8220;align_center&#8220; overlay_alpha=&#8220;50&#8243; gutter_size=&#8220;4&#8243; medium_width=&#8220;0&#8243; mobile_width=&#8220;0&#8243; shift_x=&#8220;0&#8243; shift_y=&#8220;0&#8243; shift_y_down=&#8220;0&#8243; z_index=&#8220;0&#8243; css_animation=&#8220;alpha-anim&#8220; width=&#8220;1\/1&#8243;][vc_custom_heading heading_semantic=&#8220;h6&#8243; text_space=&#8220;fontspace-781688&#8243; text_font=&#8220;font-210104&#8243;]Brainstorms[\/vc_custom_heading][uncode_index el_id=&#8220;index-3&#8243; index_type=&#8220;carousel&#8220; loop=&#8220;size:3|order_by:date|order:DESC|post_type:post|authors:2,1&#8243; carousel_lg=&#8220;3&#8243; carousel_md=&#8220;3&#8243; carousel_sm=&#8220;1&#8243; gutter_size=&#8220;3&#8243; post_items=&#8220;date,title,sep-one|full,extra,icon|sm,category|nobg|relative|display-icon,spacer|half,text|excerpt|76&#8243; portfolio_items=&#8220;media|featured|onpost|original,icon|md&#8220; carousel_interval=&#8220;3000&#8243; carousel_navspeed=&#8220;400&#8243; carousel_overflow=&#8220;yes&#8220; stage_padding=&#8220;0&#8243; single_back_color=&#8220;color-xsdn&#8220; single_shape=&#8220;round&#8220; single_overlay_color=&#8220;color-nhtu&#8220; single_overlay_opacity=&#8220;20&#8243; single_h_align_mobile=&#8220;left&#8220; single_padding=&#8220;2&#8243; single_title_dimension=&#8220;h3&#8243; single_shadow=&#8220;yes&#8220; shadow_weight=&#8220;lg&#8220; single_border=&#8220;yes&#8220; single_css_animation=&#8220;bottom-t-top&#8220; single_animation_speed=&#8220;600&#8243; single_animation_delay=&#8220;200&#8243; no_double_tap=&#8220;yes&#8220;][vc_row_inner row_inner_height_percent=&#8220;0&#8243; overlay_alpha=&#8220;50&#8243; gutter_size=&#8220;3&#8243; mobile_visibility=&#8220;yes&#8220; shift_y=&#8220;0&#8243; z_index=&#8220;0&#8243;][vc_column_inner column_width_percent=&#8220;100&#8243; align_horizontal=&#8220;align_center&#8220; gutter_size=&#8220;3&#8243; overlay_alpha=&#8220;50&#8243; medium_width=&#8220;0&#8243; mobile_width=&#8220;0&#8243; shift_x=&#8220;0&#8243; shift_y=&#8220;0&#8243; shift_y_down=&#8220;0&#8243; z_index=&#8220;0&#8243; width=&#8220;1\/1&#8243;][vc_button button_color=&#8220;color-195519&#8243; size=&#8220;btn-xl&#8220; custom_typo=&#8220;yes&#8220; font_family=&#8220;font-762333&#8243; font_weight=&#8220;700&#8243; border_width=&#8220;0&#8243; css_animation=&#8220;bottom-t-top&#8220; animation_delay=&#8220;400&#8243; link=&#8220;url:https%3A%2F%2Fwww.returntrue.com%2Fde%2Fjournal%2F|||&#8220; width=&#8220;200&#8243; el_class=&#8220;toJournalPage&#8220;]Mehr Artikel anzeigen[\/vc_button][\/vc_column_inner][\/vc_row_inner][\/vc_column][\/vc_row][vc_row row_height_percent=&#8220;100&#8243; back_color=&#8220;color-425788&#8243; overlay_color=&#8220;color-425788&#8243; overlay_alpha=&#8220;85&#8243; equal_height=&#8220;yes&#8220; gutter_size=&#8220;0&#8243; column_width_use_pixel=&#8220;yes&#8220; shift_y=&#8220;0&#8243; z_index=&#8220;0&#8243; row_name=&#8220;Kontakt&#8220;][vc_column column_width_use_pixel=&#8220;yes&#8220; position_vertical=&#8220;middle&#8220; align_horizontal=&#8220;align_center&#8220; style=&#8220;dark&#8220; overlay_alpha=&#8220;50&#8243; gutter_size=&#8220;3&#8243; medium_width=&#8220;0&#8243; mobile_width=&#8220;0&#8243; shift_x=&#8220;0&#8243; shift_y=&#8220;0&#8243; shift_y_down=&#8220;0&#8243; z_index=&#8220;0&#8243; width=&#8220;1\/1&#8243;][vc_row_inner row_inner_height_percent=&#8220;0&#8243; overlay_alpha=&#8220;50&#8243; gutter_size=&#8220;3&#8243; shift_y=&#8220;0&#8243; z_index=&#8220;0&#8243;][vc_column_inner column_width_use_pixel=&#8220;yes&#8220; position_vertical=&#8220;middle&#8220; align_horizontal=&#8220;align_center&#8220; style=&#8220;dark&#8220; gutter_size=&#8220;3&#8243; overlay_alpha=&#8220;50&#8243; medium_width=&#8220;0&#8243; mobile_width=&#8220;0&#8243; shift_x=&#8220;0&#8243; shift_y=&#8220;0&#8243; shift_y_down=&#8220;0&#8243; z_index=&#8220;0&#8243; width=&#8220;1\/1&#8243; column_width_pixel=&#8220;950&#8243;][vc_custom_heading heading_semantic=&#8220;h1&#8243; text_size=&#8220;h1&#8243; css_animation=&#8220;top-t-bottom&#8220;]<span style=\"font-weight: 400;\">Bereit Ihr n\u00e4chstes Projekt mit uns zu starten?<\/span>[\/vc_custom_heading][\/vc_column_inner][\/vc_row_inner][vc_row_inner row_inner_height_percent=&#8220;0&#8243; overlay_alpha=&#8220;50&#8243; gutter_size=&#8220;3&#8243; shift_y=&#8220;0&#8243; z_index=&#8220;0&#8243;][vc_column_inner column_width_use_pixel=&#8220;yes&#8220; position_vertical=&#8220;middle&#8220; align_horizontal=&#8220;align_center&#8220; style=&#8220;dark&#8220; gutter_size=&#8220;3&#8243; overlay_alpha=&#8220;50&#8243; medium_width=&#8220;0&#8243; mobile_width=&#8220;0&#8243; shift_x=&#8220;0&#8243; shift_y=&#8220;0&#8243; shift_y_down=&#8220;0&#8243; z_index=&#8220;0&#8243; width=&#8220;1\/1&#8243; column_width_pixel=&#8220;740&#8243;][vc_button size=&#8220;btn-xl&#8220; hover_fx=&#8220;outlined&#8220; border_width=&#8220;0&#8243; css_animation=&#8220;bottom-t-top&#8220; animation_delay=&#8220;800&#8243; link=&#8220;url:https%3A%2F%2Fwww.returntrue.com%2Fde%2Fkontakt%2F|||&#8220; el_class=&#8220;toContactPage&#8220;]Los geht\u2019s![\/vc_button][\/vc_column_inner][\/vc_row_inner][\/vc_column][\/vc_row]<\/p>\n","protected":false},"excerpt":{"rendered":"<p>[vc_row row_height_percent=&#8220;100&#8243; back_color=&#8220;color-xsdn&#8220; back_image=&#8220;79259&#8243; parallax=&#8220;yes&#8220; overlay_alpha=&#8220;90&#8243; gutter_size=&#8220;100&#8243; column_width_percent=&#8220;100&#8243; shift_y=&#8220;0&#8243; z_index=&#8220;0&#8243; style=&#8220;inherited&#8220; row_name=&#8220;Digital Intelligence&#8220;][vc_column column_width_percent=&#8220;100&#8243; position_vertical=&#8220;middle&#8220; align_horizontal=&#8220;align_center&#8220; overlay_alpha=&#8220;100&#8243; gutter_size=&#8220;4&#8243; medium_width=&#8220;0&#8243; mobile_width=&#8220;0&#8243; [&hellip;]<\/p>\n","protected":false},"author":1,"featured_media":0,"parent":0,"menu_order":0,"comment_status":"closed","ping_status":"closed","template":"","meta":[],"yoast_head":"<!-- This site is optimized with the Yoast SEO plugin v21.8.1 - https:\/\/yoast.com\/wordpress\/plugins\/seo\/ -->\n<title>return true; \/\/ Digital Analytics<\/title>\n<meta name=\"description\" content=\"Wir sind Digital Analytics Experten aus Mannheim mit hochgekrempelten \u00c4rmeln und Hands-on-Mentalit\u00e4t. Lassen Sie uns starten!\" \/>\n<meta name=\"robots\" content=\"index, follow, max-snippet:-1, max-image-preview:large, max-video-preview:-1\" \/>\n<link rel=\"canonical\" href=\"https:\/\/www.returntrue.com\/de\/\" \/>\n<meta property=\"og:locale\" content=\"de_DE\" \/>\n<meta property=\"og:type\" content=\"article\" \/>\n<meta property=\"og:title\" content=\"return true; \/\/ Digital Analytics\" \/>\n<meta property=\"og:description\" content=\"Wir sind Digital Analytics Experten aus Mannheim mit hochgekrempelten \u00c4rmeln und Hands-on-Mentalit\u00e4t. Unsere Leistungen umfassen App- &amp; Webanalyse, Tag Management, Testing, Kampagnentracking, Audience Management, Enterprise Reporting und Qualit\u00e4tssicherung. Lassen Sie uns starten!\" \/>\n<meta property=\"og:url\" content=\"https:\/\/www.returntrue.com\/de\/\" \/>\n<meta property=\"og:site_name\" content=\"return true; \/\/ Digital Analytics\" \/>\n<meta property=\"article:modified_time\" content=\"2019-08-12T14:59:48+00:00\" \/>\n<meta property=\"og:image\" content=\"https:\/\/www.returntrue.com\/wp-content\/uploads\/2019\/04\/rawpixel-579231-unsplash-e1554717761149.jpg\" \/>\n\t<meta property=\"og:image:width\" content=\"1200\" \/>\n\t<meta property=\"og:image:height\" content=\"801\" \/>\n\t<meta property=\"og:image:type\" content=\"image\/jpeg\" \/>\n<meta name=\"twitter:card\" content=\"summary_large_image\" \/>\n<meta name=\"twitter:title\" content=\"return true; \/\/ Digital Analytics\" \/>\n<meta name=\"twitter:description\" content=\"Wir sind Digital Analytics Experten aus Mannheim mit hochgekrempelten \u00c4rmeln und Hands-on-Mentalit\u00e4t. Unsere Leistungen umfassen App- &amp; Webanalyse, Tag Management, Testing, Kampagnentracking, Audience Management, Enterprise Reporting und Qualit\u00e4tssicherung. Lassen Sie uns starten!\" \/>\n<meta name=\"twitter:image\" content=\"https:\/\/www.returntrue.com\/wp-content\/uploads\/2019\/04\/rawpixel-579231-unsplash-e1554717761149.jpg\" \/>\n<meta name=\"twitter:label1\" content=\"Gesch\u00e4tzte Lesezeit\" \/>\n\t<meta name=\"twitter:data1\" content=\"8\u00a0Minuten\" \/>\n<script type=\"application\/ld+json\" class=\"yoast-schema-graph\">{\"@context\":\"https:\/\/schema.org\",\"@graph\":[{\"@type\":\"WebPage\",\"@id\":\"https:\/\/www.returntrue.com\/de\/\",\"url\":\"https:\/\/www.returntrue.com\/de\/\",\"name\":\"return true; \/\/ Digital Analytics\",\"isPartOf\":{\"@id\":\"https:\/\/www.returntrue.com\/de\/#website\"},\"datePublished\":\"2017-08-30T09:33:14+00:00\",\"dateModified\":\"2019-08-12T14:59:48+00:00\",\"description\":\"Wir sind Digital Analytics Experten aus Mannheim mit hochgekrempelten \u00c4rmeln und Hands-on-Mentalit\u00e4t. Lassen Sie uns starten!\",\"breadcrumb\":{\"@id\":\"https:\/\/www.returntrue.com\/de\/#breadcrumb\"},\"inLanguage\":\"de\",\"potentialAction\":[{\"@type\":\"ReadAction\",\"target\":[\"https:\/\/www.returntrue.com\/de\/\"]}]},{\"@type\":\"BreadcrumbList\",\"@id\":\"https:\/\/www.returntrue.com\/de\/#breadcrumb\",\"itemListElement\":[{\"@type\":\"ListItem\",\"position\":1,\"name\":\"Home\",\"item\":\"https:\/\/www.returntrue.com\/de\/\"},{\"@type\":\"ListItem\",\"position\":2,\"name\":\"Willkommen\"}]},{\"@type\":\"WebSite\",\"@id\":\"https:\/\/www.returntrue.com\/de\/#website\",\"url\":\"https:\/\/www.returntrue.com\/de\/\",\"name\":\"return true; \/\/ Digital Analytics\",\"description\":\"\",\"potentialAction\":[{\"@type\":\"SearchAction\",\"target\":{\"@type\":\"EntryPoint\",\"urlTemplate\":\"https:\/\/www.returntrue.com\/de\/?s={search_term_string}\"},\"query-input\":\"required name=search_term_string\"}],\"inLanguage\":\"de\"}]}<\/script>\n<!-- \/ Yoast SEO plugin. -->","yoast_head_json":{"title":"return true; \/\/ Digital Analytics","description":"Wir sind Digital Analytics Experten aus Mannheim mit hochgekrempelten \u00c4rmeln und Hands-on-Mentalit\u00e4t. Lassen Sie uns starten!","robots":{"index":"index","follow":"follow","max-snippet":"max-snippet:-1","max-image-preview":"max-image-preview:large","max-video-preview":"max-video-preview:-1"},"canonical":"https:\/\/www.returntrue.com\/de\/","og_locale":"de_DE","og_type":"article","og_title":"return true; \/\/ Digital Analytics","og_description":"Wir sind Digital Analytics Experten aus Mannheim mit hochgekrempelten \u00c4rmeln und Hands-on-Mentalit\u00e4t. Unsere Leistungen umfassen App- & Webanalyse, Tag Management, Testing, Kampagnentracking, Audience Management, Enterprise Reporting und Qualit\u00e4tssicherung. Lassen Sie uns starten!","og_url":"https:\/\/www.returntrue.com\/de\/","og_site_name":"return true; \/\/ Digital Analytics","article_modified_time":"2019-08-12T14:59:48+00:00","og_image":[{"width":1200,"height":801,"url":"https:\/\/www.returntrue.com\/wp-content\/uploads\/2019\/04\/rawpixel-579231-unsplash-e1554717761149.jpg","type":"image\/jpeg"}],"twitter_card":"summary_large_image","twitter_title":"return true; \/\/ Digital Analytics","twitter_description":"Wir sind Digital Analytics Experten aus Mannheim mit hochgekrempelten \u00c4rmeln und Hands-on-Mentalit\u00e4t. Unsere Leistungen umfassen App- & Webanalyse, Tag Management, Testing, Kampagnentracking, Audience Management, Enterprise Reporting und Qualit\u00e4tssicherung. Lassen Sie uns starten!","twitter_image":"https:\/\/www.returntrue.com\/wp-content\/uploads\/2019\/04\/rawpixel-579231-unsplash-e1554717761149.jpg","twitter_misc":{"Gesch\u00e4tzte Lesezeit":"8\u00a0Minuten"},"schema":{"@context":"https:\/\/schema.org","@graph":[{"@type":"WebPage","@id":"https:\/\/www.returntrue.com\/de\/","url":"https:\/\/www.returntrue.com\/de\/","name":"return true; \/\/ Digital Analytics","isPartOf":{"@id":"https:\/\/www.returntrue.com\/de\/#website"},"datePublished":"2017-08-30T09:33:14+00:00","dateModified":"2019-08-12T14:59:48+00:00","description":"Wir sind Digital Analytics Experten aus Mannheim mit hochgekrempelten \u00c4rmeln und Hands-on-Mentalit\u00e4t. Lassen Sie uns starten!","breadcrumb":{"@id":"https:\/\/www.returntrue.com\/de\/#breadcrumb"},"inLanguage":"de","potentialAction":[{"@type":"ReadAction","target":["https:\/\/www.returntrue.com\/de\/"]}]},{"@type":"BreadcrumbList","@id":"https:\/\/www.returntrue.com\/de\/#breadcrumb","itemListElement":[{"@type":"ListItem","position":1,"name":"Home","item":"https:\/\/www.returntrue.com\/de\/"},{"@type":"ListItem","position":2,"name":"Willkommen"}]},{"@type":"WebSite","@id":"https:\/\/www.returntrue.com\/de\/#website","url":"https:\/\/www.returntrue.com\/de\/","name":"return true; \/\/ Digital Analytics","description":"","potentialAction":[{"@type":"SearchAction","target":{"@type":"EntryPoint","urlTemplate":"https:\/\/www.returntrue.com\/de\/?s={search_term_string}"},"query-input":"required name=search_term_string"}],"inLanguage":"de"}]}},"_links":{"self":[{"href":"https:\/\/www.returntrue.com\/de\/wp-json\/wp\/v2\/pages\/80493"}],"collection":[{"href":"https:\/\/www.returntrue.com\/de\/wp-json\/wp\/v2\/pages"}],"about":[{"href":"https:\/\/www.returntrue.com\/de\/wp-json\/wp\/v2\/types\/page"}],"author":[{"embeddable":true,"href":"https:\/\/www.returntrue.com\/de\/wp-json\/wp\/v2\/users\/1"}],"replies":[{"embeddable":true,"href":"https:\/\/www.returntrue.com\/de\/wp-json\/wp\/v2\/comments?post=80493"}],"version-history":[{"count":0,"href":"https:\/\/www.returntrue.com\/de\/wp-json\/wp\/v2\/pages\/80493\/revisions"}],"wp:attachment":[{"href":"https:\/\/www.returntrue.com\/de\/wp-json\/wp\/v2\/media?parent=80493"}],"curies":[{"name":"wp","href":"https:\/\/api.w.org\/{rel}","templated":true}]}}